{"id":104,"date":"2023-03-05T13:33:57","date_gmt":"2023-03-05T13:33:57","guid":{"rendered":"https:\/\/schrift-talent.de\/?page_id=104"},"modified":"2023-03-08T13:51:10","modified_gmt":"2023-03-08T13:51:10","slug":"individuelles-design","status":"publish","type":"page","link":"https:\/\/schrift-talent.de\/?page_id=104","title":{"rendered":"Grafik"},"content":{"rendered":"\n<blockquote class=\"wp-block-quote is-layout-flow wp-block-quote-is-layout-flow\">\n<p id=\"block-37963ea2-8256-40ca-b65c-a6395361ae8a\">\u201eEin Logo ist dann gut, wenn man es mit dem gro\u00dfen Zeh in den Sand kratzen kann.\u201c<\/p>\n\n\n\n<p><\/p>\n<cite>Kurt Weidemann, Typograph, Gestalter<\/cite><\/blockquote>\n\n\n\n<div class=\"wp-block-columns is-layout-flex wp-container-core-columns-is-layout-9d6595d7 wp-block-columns-is-layout-flex\">\n<div class=\"wp-block-column is-layout-flow wp-block-column-is-layout-flow\" style=\"flex-basis:66.66%\">\n<p><strong>Design ist so vielf\u00e4ltig wie Ihr Vorhaben:<\/strong><\/p>\n\n\n\n<ul class=\"wp-block-list\">\n<li>Logodesign<\/li>\n\n\n\n<li>Flyer, Plakate<\/li>\n\n\n\n<li>Layout f\u00fcr B\u00fccher, Brosch\u00fcren<\/li>\n\n\n\n<li>Visitenkarten<\/li>\n\n\n\n<li>Werbemittel<\/li>\n\n\n\n<li>Einladungen<\/li>\n<\/ul>\n\n\n\n<p><strong>Grafikdesign ist wie Kochen: <\/strong><br>Sie werfen Ihre Zutaten in den Kessel: Eine Idee zu einem Projekt, Herzblut f\u00fcr eine Veranstaltung, Ziele f\u00fcr Ihr Unternehmen. <br>Die Aufgabe des Designers ist es, alle Zutaten einzukochen, sie abzuschmecken und zu reduzieren. <br>Heraus kommt ein Gericht, dass gerade auf einen L\u00f6ffel passt. Aber der Geschmack sollte so intensiv und vielf\u00e4ltig sein, dass jeder, der probiert, denkt, er habe ein sieben-G\u00e4nge-Menue gegessen.  <\/p>\n\n\n\n<p><strong>Design ist Reduktion<\/strong><br>Gerade Logos sind eine komprimierte Version Ihrer Gedanken, Pl\u00e4ne, Visionen. Sie funktionieren in Ihrer Einfachheit. Weil sie so einfach sind, bleiben Sie in Erinnerung. Denken Sie beispielsweise an Automarken. <br>Bei der Entscheidung zu einem Logo oder einem Veranstaltungsflyer geht es weniger um das &#8222;Gef\u00e4llt mir&#8220;, als um die Frage: &#8222;Dr\u00fcckt das mein Unternehmen, meine Veranstaltung aus?&#8220; Dennoch ist es wichtig, dass beides passt. Denn was n\u00fctzt ein Design, dass zwar perfekt auf das Produkt zugeschnitten ist, aber der Kunde am liebsten in den M\u00fclleimer werfen m\u00f6chte? <br>Zusammen entwickle ich mit Ihnen ein Design, dass zu Ihnen und Ihrem Produkt passt. <\/p>\n\n\n\n<p><strong>Was kostet Design?<\/strong><br>Leider gibt es keine konkrete Antwort darauf. Es kommt auf Ihre W\u00fcnsche an. <br>Aber: Je klarer Sie in Ihren W\u00fcnschen sind, desto schneller kann ein Design entstehen, dass am besten zu Ihnen passt. <br>In einer Brosch\u00fcre habe ich eine Checkliste mit sechs Punkten zusammengestellt, mit denen Sie sich vorbereiten k\u00f6nnen.<\/p>\n\n\n\n<div class=\"wp-block-buttons is-layout-flex wp-block-buttons-is-layout-flex\">\n<div class=\"wp-block-button\"><a class=\"wp-block-button__link has-sitebg-color has-accent-2-background-color has-text-color has-background wp-element-button\" href=\"https:\/\/schrift-talent.de\/?page_id=182\" style=\"border-radius:99px\" rel=\"https:\/\/schrift-talent.de\/?page_id=182\">Zur Download-Seite<\/a><\/div>\n<\/div>\n<\/div>\n\n\n\n<div class=\"wp-block-column has-small-font-size is-layout-flow wp-block-column-is-layout-flow\" style=\"flex-basis:33.33%\">\n<figure class=\"wp-block-gallery has-nested-images columns-2 wp-block-gallery-1 is-layout-flex wp-block-gallery-is-layout-flex\">\n<figure class=\"wp-block-image size-medium\"><img loading=\"lazy\" decoding=\"async\" width=\"232\" height=\"300\" data-id=\"172\" src=\"https:\/\/schrift-talent.de\/wp-content\/uploads\/2023\/03\/Visitenkarte-HP3-232x300.png\" alt=\"\" class=\"wp-image-172\" srcset=\"https:\/\/schrift-talent.de\/wp-content\/uploads\/2023\/03\/Visitenkarte-HP3-232x300.png 232w, https:\/\/schrift-talent.de\/wp-content\/uploads\/2023\/03\/Visitenkarte-HP3-791x1024.png 791w, https:\/\/schrift-talent.de\/wp-content\/uploads\/2023\/03\/Visitenkarte-HP3-768x994.png 768w, https:\/\/schrift-talent.de\/wp-content\/uploads\/2023\/03\/Visitenkarte-HP3.png 1004w\" sizes=\"auto, (max-width: 232px) 100vw, 232px\" \/><\/figure>\n\n\n\n<figure class=\"wp-block-image size-medium\"><img loading=\"lazy\" decoding=\"async\" width=\"212\" height=\"300\" data-id=\"167\" src=\"https:\/\/schrift-talent.de\/wp-content\/uploads\/2023\/03\/Flyer-Klabauterfrau-212x300.png\" alt=\"\" class=\"wp-image-167\" srcset=\"https:\/\/schrift-talent.de\/wp-content\/uploads\/2023\/03\/Flyer-Klabauterfrau-212x300.png 212w, https:\/\/schrift-talent.de\/wp-content\/uploads\/2023\/03\/Flyer-Klabauterfrau-724x1024.png 724w, https:\/\/schrift-talent.de\/wp-content\/uploads\/2023\/03\/Flyer-Klabauterfrau-768x1086.png 768w, https:\/\/schrift-talent.de\/wp-content\/uploads\/2023\/03\/Flyer-Klabauterfrau-1086x1536.png 1086w, https:\/\/schrift-talent.de\/wp-content\/uploads\/2023\/03\/Flyer-Klabauterfrau-1448x2048.png 1448w\" sizes=\"auto, (max-width: 212px) 100vw, 212px\" \/><\/figure>\n\n\n\n<figure class=\"wp-block-image size-medium\"><img loading=\"lazy\" decoding=\"async\" width=\"300\" height=\"300\" data-id=\"158\" src=\"https:\/\/schrift-talent.de\/wp-content\/uploads\/2023\/03\/Hochzeitskarte-Venter-300x300.png\" alt=\"\" class=\"wp-image-158\" srcset=\"https:\/\/schrift-talent.de\/wp-content\/uploads\/2023\/03\/Hochzeitskarte-Venter-300x300.png 300w, https:\/\/schrift-talent.de\/wp-content\/uploads\/2023\/03\/Hochzeitskarte-Venter-1024x1024.png 1024w, https:\/\/schrift-talent.de\/wp-content\/uploads\/2023\/03\/Hochzeitskarte-Venter-150x150.png 150w, https:\/\/schrift-talent.de\/wp-content\/uploads\/2023\/03\/Hochzeitskarte-Venter-768x768.png 768w, https:\/\/schrift-talent.de\/wp-content\/uploads\/2023\/03\/Hochzeitskarte-Venter-1536x1536.png 1536w, https:\/\/schrift-talent.de\/wp-content\/uploads\/2023\/03\/Hochzeitskarte-Venter.png 1831w\" sizes=\"auto, (max-width: 300px) 100vw, 300px\" \/><\/figure>\n\n\n\n<figure class=\"wp-block-image size-medium\"><img loading=\"lazy\" decoding=\"async\" width=\"300\" height=\"300\" data-id=\"159\" src=\"https:\/\/schrift-talent.de\/wp-content\/uploads\/2023\/03\/Logo-Lichtervoll-300x300.png\" alt=\"\" class=\"wp-image-159\" srcset=\"https:\/\/schrift-talent.de\/wp-content\/uploads\/2023\/03\/Logo-Lichtervoll-300x300.png 300w, https:\/\/schrift-talent.de\/wp-content\/uploads\/2023\/03\/Logo-Lichtervoll-1024x1024.png 1024w, https:\/\/schrift-talent.de\/wp-content\/uploads\/2023\/03\/Logo-Lichtervoll-150x150.png 150w, https:\/\/schrift-talent.de\/wp-content\/uploads\/2023\/03\/Logo-Lichtervoll-768x768.png 768w, https:\/\/schrift-talent.de\/wp-content\/uploads\/2023\/03\/Logo-Lichtervoll-1536x1536.png 1536w, https:\/\/schrift-talent.de\/wp-content\/uploads\/2023\/03\/Logo-Lichtervoll-2048x2048.png 2048w\" sizes=\"auto, (max-width: 300px) 100vw, 300px\" \/><\/figure>\n\n\n\n<figure class=\"wp-block-image size-medium\"><img loading=\"lazy\" decoding=\"async\" width=\"212\" height=\"300\" data-id=\"169\" src=\"https:\/\/schrift-talent.de\/wp-content\/uploads\/2023\/03\/Plakat-Altstadt-Neu-212x300.png\" alt=\"\" class=\"wp-image-169\" srcset=\"https:\/\/schrift-talent.de\/wp-content\/uploads\/2023\/03\/Plakat-Altstadt-Neu-212x300.png 212w, https:\/\/schrift-talent.de\/wp-content\/uploads\/2023\/03\/Plakat-Altstadt-Neu-724x1024.png 724w, https:\/\/schrift-talent.de\/wp-content\/uploads\/2023\/03\/Plakat-Altstadt-Neu-768x1086.png 768w, https:\/\/schrift-talent.de\/wp-content\/uploads\/2023\/03\/Plakat-Altstadt-Neu-1086x1536.png 1086w, https:\/\/schrift-talent.de\/wp-content\/uploads\/2023\/03\/Plakat-Altstadt-Neu-1448x2048.png 1448w\" sizes=\"auto, (max-width: 212px) 100vw, 212px\" \/><\/figure>\n\n\n\n<figure class=\"wp-block-image size-medium\"><a href=\"https:\/\/truant.com\/der-eine-ring\" target=\"_blank\" rel=\"noreferrer noopener\"><img loading=\"lazy\" decoding=\"async\" width=\"232\" height=\"300\" data-id=\"251\" src=\"https:\/\/schrift-talent.de\/wp-content\/uploads\/2023\/03\/Der-Eine-Ring-Cover-232x300.jpg\" alt=\"\" class=\"wp-image-251\" srcset=\"https:\/\/schrift-talent.de\/wp-content\/uploads\/2023\/03\/Der-Eine-Ring-Cover-232x300.jpg 232w, https:\/\/schrift-talent.de\/wp-content\/uploads\/2023\/03\/Der-Eine-Ring-Cover-791x1024.jpg 791w, https:\/\/schrift-talent.de\/wp-content\/uploads\/2023\/03\/Der-Eine-Ring-Cover-768x994.jpg 768w, https:\/\/schrift-talent.de\/wp-content\/uploads\/2023\/03\/Der-Eine-Ring-Cover-1187x1536.jpg 1187w, https:\/\/schrift-talent.de\/wp-content\/uploads\/2023\/03\/Der-Eine-Ring-Cover.jpg 1305w\" sizes=\"auto, (max-width: 232px) 100vw, 232px\" \/><\/a><\/figure>\n\n\n\n<figure class=\"wp-block-image size-medium\"><a href=\"https:\/\/www.galgo-hilfe.de\/shop\" target=\"_blank\" rel=\"noreferrer noopener\"><img loading=\"lazy\" decoding=\"async\" width=\"300\" height=\"218\" data-id=\"252\" src=\"https:\/\/schrift-talent.de\/wp-content\/uploads\/2023\/03\/Einzelseiten2-300x218.jpg\" alt=\"\" class=\"wp-image-252\" srcset=\"https:\/\/schrift-talent.de\/wp-content\/uploads\/2023\/03\/Einzelseiten2-300x218.jpg 300w, https:\/\/schrift-talent.de\/wp-content\/uploads\/2023\/03\/Einzelseiten2-1024x743.jpg 1024w, https:\/\/schrift-talent.de\/wp-content\/uploads\/2023\/03\/Einzelseiten2-768x557.jpg 768w, https:\/\/schrift-talent.de\/wp-content\/uploads\/2023\/03\/Einzelseiten2-1536x1115.jpg 1536w, https:\/\/schrift-talent.de\/wp-content\/uploads\/2023\/03\/Einzelseiten2-2048x1486.jpg 2048w, https:\/\/schrift-talent.de\/wp-content\/uploads\/2023\/03\/Einzelseiten2-413x300.jpg 413w\" sizes=\"auto, (max-width: 300px) 100vw, 300px\" \/><\/a><\/figure>\n\n\n\n<figure class=\"wp-block-image size-medium\"><a href=\"https:\/\/agot-nrw.de\/\" target=\"_blank\" rel=\"noreferrer noopener\"><img loading=\"lazy\" decoding=\"async\" width=\"300\" height=\"212\" data-id=\"262\" src=\"https:\/\/schrift-talent.de\/wp-content\/uploads\/2023\/03\/Planspiel-300x212.jpg\" alt=\"\" class=\"wp-image-262\" srcset=\"https:\/\/schrift-talent.de\/wp-content\/uploads\/2023\/03\/Planspiel-300x212.jpg 300w, https:\/\/schrift-talent.de\/wp-content\/uploads\/2023\/03\/Planspiel-1024x724.jpg 1024w, https:\/\/schrift-talent.de\/wp-content\/uploads\/2023\/03\/Planspiel-768x543.jpg 768w, https:\/\/schrift-talent.de\/wp-content\/uploads\/2023\/03\/Planspiel-1536x1086.jpg 1536w, https:\/\/schrift-talent.de\/wp-content\/uploads\/2023\/03\/Planspiel-424x300.jpg 424w, https:\/\/schrift-talent.de\/wp-content\/uploads\/2023\/03\/Planspiel.jpg 1754w\" sizes=\"auto, (max-width: 300px) 100vw, 300px\" \/><\/a><\/figure>\n<\/figure>\n<\/div>\n<\/div>\n","protected":false},"excerpt":{"rendered":"<p>\u201eEin Logo ist dann gut, wenn man es mit dem gro\u00dfen Zeh in den Sand kratzen kann.\u201c Kurt Weidemann, Typograph, Gestalter Design ist so vielf\u00e4ltig &hellip;<\/p>\n","protected":false},"author":1,"featured_media":100,"parent":0,"menu_order":0,"comment_status":"closed","ping_status":"closed","template":"","meta":{"footnotes":""},"class_list":["post-104","page","type-page","status-publish","has-post-thumbnail","hentry"],"_links":{"self":[{"href":"https:\/\/schrift-talent.de\/index.php?rest_route=\/wp\/v2\/pages\/104","targetHints":{"allow":["GET"]}}],"collection":[{"href":"https:\/\/schrift-talent.de\/index.php?rest_route=\/wp\/v2\/pages"}],"about":[{"href":"https:\/\/schrift-talent.de\/index.php?rest_route=\/wp\/v2\/types\/page"}],"author":[{"embeddable":true,"href":"https:\/\/schrift-talent.de\/index.php?rest_route=\/wp\/v2\/users\/1"}],"replies":[{"embeddable":true,"href":"https:\/\/schrift-talent.de\/index.php?rest_route=%2Fwp%2Fv2%2Fcomments&post=104"}],"version-history":[{"count":17,"href":"https:\/\/schrift-talent.de\/index.php?rest_route=\/wp\/v2\/pages\/104\/revisions"}],"predecessor-version":[{"id":266,"href":"https:\/\/schrift-talent.de\/index.php?rest_route=\/wp\/v2\/pages\/104\/revisions\/266"}],"wp:featuredmedia":[{"embeddable":true,"href":"https:\/\/schrift-talent.de\/index.php?rest_route=\/wp\/v2\/media\/100"}],"wp:attachment":[{"href":"https:\/\/schrift-talent.de\/index.php?rest_route=%2Fwp%2Fv2%2Fmedia&parent=104"}],"curies":[{"name":"wp","href":"https:\/\/api.w.org\/{rel}","templated":true}]}}