{"id":118,"date":"2023-03-05T14:04:15","date_gmt":"2023-03-05T14:04:15","guid":{"rendered":"https:\/\/schrift-talent.de\/?page_id=118"},"modified":"2023-03-08T14:36:14","modified_gmt":"2023-03-08T14:36:14","slug":"ueber-mich","status":"publish","type":"page","link":"https:\/\/schrift-talent.de\/?page_id=118","title":{"rendered":"\u00dcber mich"},"content":{"rendered":"\n<blockquote class=\"wp-block-quote is-layout-flow wp-block-quote-is-layout-flow\">\n<p>&#8222;Grafik ist die \u00e4u\u00dfere Inszenierung von Text, kreatives Schreiben die innere.&#8220;<\/p>\n<cite>Stefanie Schr\u00f6der<br>Journalistin<\/cite><\/blockquote>\n\n\n\n<p>Zuerst waren es Texte, die mich faszinierten. <br>Dann erstaunte mich die Wirkung Layout: Es setzt Texte und Bilder in Szene.  <br>Beruflich kann ich nun beides vereinen. <\/p>\n\n\n\n<p>Ehrenamtlich schl\u00e4gt mein Herz f\u00fcr die Jugendverbandsarbeit im <a href=\"https:\/\/www.sjr-luedenscheid.de\/startseite\">Stadtjugendring L\u00fcdenscheid e.V.<\/a> und der <a href=\"https:\/\/www.ljr-nrw.de\/lag-jugendringe\/\" target=\"_blank\" rel=\"noreferrer noopener\">Landesarbeitsgemeinschaft kommunale Jugendringe in NRW<\/a>. <\/p>\n","protected":false},"excerpt":{"rendered":"<p>&#8222;Grafik ist die \u00e4u\u00dfere Inszenierung von Text, kreatives Schreiben die innere.&#8220; Stefanie Schr\u00f6derJournalistin Zuerst waren es Texte, die mich faszinierten. Dann erstaunte mich die Wirkung &hellip;<\/p>\n","protected":false},"author":1,"featured_media":119,"parent":0,"menu_order":0,"comment_status":"closed","ping_status":"closed","template":"","meta":{"footnotes":""},"class_list":["post-118","page","type-page","status-publish","has-post-thumbnail","hentry"],"_links":{"self":[{"href":"https:\/\/schrift-talent.de\/index.php?rest_route=\/wp\/v2\/pages\/118","targetHints":{"allow":["GET"]}}],"collection":[{"href":"https:\/\/schrift-talent.de\/index.php?rest_route=\/wp\/v2\/pages"}],"about":[{"href":"https:\/\/schrift-talent.de\/index.php?rest_route=\/wp\/v2\/types\/page"}],"author":[{"embeddable":true,"href":"https:\/\/schrift-talent.de\/index.php?rest_route=\/wp\/v2\/users\/1"}],"replies":[{"embeddable":true,"href":"https:\/\/schrift-talent.de\/index.php?rest_route=%2Fwp%2Fv2%2Fcomments&post=118"}],"version-history":[{"count":4,"href":"https:\/\/schrift-talent.de\/index.php?rest_route=\/wp\/v2\/pages\/118\/revisions"}],"predecessor-version":[{"id":286,"href":"https:\/\/schrift-talent.de\/index.php?rest_route=\/wp\/v2\/pages\/118\/revisions\/286"}],"wp:featuredmedia":[{"embeddable":true,"href":"https:\/\/schrift-talent.de\/index.php?rest_route=\/wp\/v2\/media\/119"}],"wp:attachment":[{"href":"https:\/\/schrift-talent.de\/index.php?rest_route=%2Fwp%2Fv2%2Fmedia&parent=118"}],"curies":[{"name":"wp","href":"https:\/\/api.w.org\/{rel}","templated":true}]}}