{"id":182,"date":"2023-03-06T11:56:56","date_gmt":"2023-03-06T11:56:56","guid":{"rendered":"https:\/\/schrift-talent.de\/?page_id=182"},"modified":"2023-03-07T16:16:58","modified_gmt":"2023-03-07T16:16:58","slug":"download","status":"publish","type":"page","link":"https:\/\/schrift-talent.de\/?page_id=182","title":{"rendered":"Download"},"content":{"rendered":"\n<p class=\"has-large-font-size\"><strong>Hier finden Sie Hilfreiches und H\u00fcbsches: <\/strong><\/p>\n\n\n\n<div class=\"wp-block-columns is-layout-flex wp-container-core-columns-is-layout-9d6595d7 wp-block-columns-is-layout-flex\">\n<div class=\"wp-block-column is-layout-flow wp-block-column-is-layout-flow\">\n<figure class=\"wp-block-image size-medium\"><img loading=\"lazy\" decoding=\"async\" width=\"212\" height=\"300\" src=\"https:\/\/schrift-talent.de\/wp-content\/uploads\/2023\/03\/Freebook-Checkliste-fuer-dein-Business-212x300.jpg\" alt=\"\" class=\"wp-image-224\" srcset=\"https:\/\/schrift-talent.de\/wp-content\/uploads\/2023\/03\/Freebook-Checkliste-fuer-dein-Business-212x300.jpg 212w, https:\/\/schrift-talent.de\/wp-content\/uploads\/2023\/03\/Freebook-Checkliste-fuer-dein-Business-724x1024.jpg 724w, https:\/\/schrift-talent.de\/wp-content\/uploads\/2023\/03\/Freebook-Checkliste-fuer-dein-Business-768x1086.jpg 768w, https:\/\/schrift-talent.de\/wp-content\/uploads\/2023\/03\/Freebook-Checkliste-fuer-dein-Business-1086x1536.jpg 1086w, https:\/\/schrift-talent.de\/wp-content\/uploads\/2023\/03\/Freebook-Checkliste-fuer-dein-Business-1448x2048.jpg 1448w, https:\/\/schrift-talent.de\/wp-content\/uploads\/2023\/03\/Freebook-Checkliste-fuer-dein-Business-scaled.jpg 1811w\" sizes=\"auto, (max-width: 212px) 100vw, 212px\" \/><\/figure>\n\n\n\n<p>Die Checkliste f\u00fcr Dein Buisness gibt Denkanst\u00f6\u00dfe und Tipps, welche Gedanken Sie sich vor einem Termin mit einem Grafiker machen k\u00f6nnen. Sie richtet sich vor allem an Menschen, die noch am Anfang stehen.<\/p>\n\n\n\n<div class=\"wp-block-buttons is-layout-flex wp-block-buttons-is-layout-flex\">\n<div class=\"wp-block-button\"><a class=\"wp-block-button__link has-sitebg-color has-accent-2-background-color has-text-color has-background wp-element-button\" href=\"https:\/\/schrift-talent.de\/wp-content\/uploads\/2023\/03\/Freebook-Checkliste-fuer-dein-Business.pdf\" style=\"border-radius:100px\" target=\"_blank\" rel=\"noreferrer noopener\"><strong>Checkliste f\u00fcr Dein Buisness<\/strong><\/a><\/div>\n<\/div>\n<\/div>\n\n\n\n<div class=\"wp-block-column is-layout-flow wp-block-column-is-layout-flow\">\n<figure class=\"wp-block-image size-medium is-resized\"><img loading=\"lazy\" decoding=\"async\" src=\"https:\/\/schrift-talent.de\/wp-content\/uploads\/2023\/03\/Freebook-11-Schreibtipps-212x300.jpg\" alt=\"\" class=\"wp-image-225\" width=\"215\" height=\"304\" srcset=\"https:\/\/schrift-talent.de\/wp-content\/uploads\/2023\/03\/Freebook-11-Schreibtipps-212x300.jpg 212w, https:\/\/schrift-talent.de\/wp-content\/uploads\/2023\/03\/Freebook-11-Schreibtipps-725x1024.jpg 725w, https:\/\/schrift-talent.de\/wp-content\/uploads\/2023\/03\/Freebook-11-Schreibtipps-768x1085.jpg 768w, https:\/\/schrift-talent.de\/wp-content\/uploads\/2023\/03\/Freebook-11-Schreibtipps-1087x1536.jpg 1087w, https:\/\/schrift-talent.de\/wp-content\/uploads\/2023\/03\/Freebook-11-Schreibtipps.jpg 1241w\" sizes=\"auto, (max-width: 215px) 100vw, 215px\" \/><\/figure>\n\n\n\n<p>Dieses Freebook gibt Ihnen 11 Tipps, wie Sie Ihre Schrifts\u00e4tze klar und deutlich formulieren k\u00f6nnen. <\/p>\n\n\n\n<div class=\"wp-block-buttons is-layout-flex wp-block-buttons-is-layout-flex\">\n<div class=\"wp-block-button\"><a class=\"wp-block-button__link has-sitebg-color has-accent-2-background-color has-text-color has-background wp-element-button\" href=\"https:\/\/schrift-talent.de\/wp-content\/uploads\/2023\/03\/Freebook-11-Schreibtipps.pdf\" style=\"border-radius:100px\" target=\"_blank\" rel=\"noreferrer noopener\"><strong>Freebook: 11 Schreibtipps<\/strong><\/a><\/div>\n<\/div>\n<\/div>\n\n\n\n<div class=\"wp-block-column is-layout-flow wp-block-column-is-layout-flow\">\n<figure class=\"wp-block-image size-medium\"><img loading=\"lazy\" decoding=\"async\" width=\"212\" height=\"300\" src=\"https:\/\/schrift-talent.de\/wp-content\/uploads\/2023\/03\/Kalender-klein-1-212x300.png\" alt=\"\" class=\"wp-image-226\" srcset=\"https:\/\/schrift-talent.de\/wp-content\/uploads\/2023\/03\/Kalender-klein-1-212x300.png 212w, https:\/\/schrift-talent.de\/wp-content\/uploads\/2023\/03\/Kalender-klein-1-724x1024.png 724w, https:\/\/schrift-talent.de\/wp-content\/uploads\/2023\/03\/Kalender-klein-1-768x1086.png 768w, https:\/\/schrift-talent.de\/wp-content\/uploads\/2023\/03\/Kalender-klein-1-1086x1536.png 1086w, https:\/\/schrift-talent.de\/wp-content\/uploads\/2023\/03\/Kalender-klein-1-1448x2048.png 1448w\" sizes=\"auto, (max-width: 212px) 100vw, 212px\" \/><\/figure>\n\n\n\n<p>Der Flohmarkt der Tr\u00e4umer ist ein immerw\u00e4hrender Kalender mit Texten und Gedichten, grafisch aufbereitet. Er entstand w\u00e4hrend eines Schreibworkshops. <\/p>\n\n\n\n<div class=\"wp-block-buttons is-layout-flex wp-block-buttons-is-layout-flex\">\n<div class=\"wp-block-button\"><a class=\"wp-block-button__link has-sitebg-color has-accent-2-background-color has-text-color has-background wp-element-button\" href=\"https:\/\/schrift-talent.de\/wp-content\/uploads\/2023\/03\/Kalender-Flohmarkt-der-Traeume.pdf\" style=\"border-radius:100px\" target=\"_blank\" rel=\"noreferrer noopener\"><strong>Flohmarkt der Tr\u00e4ume<\/strong>r<\/a><\/div>\n<\/div>\n<\/div>\n<\/div>\n\n\n\n<p><\/p>\n\n\n\n<div class=\"wp-block-buttons is-layout-flex wp-block-buttons-is-layout-flex\"><\/div>\n\n\n\n<div class=\"wp-block-buttons is-layout-flex wp-block-buttons-is-layout-flex\"><\/div>\n","protected":false},"excerpt":{"rendered":"<p>Hier finden Sie Hilfreiches und H\u00fcbsches: Die Checkliste f\u00fcr Dein Buisness gibt Denkanst\u00f6\u00dfe und Tipps, welche Gedanken Sie sich vor einem Termin mit einem Grafiker &hellip;<\/p>\n","protected":false},"author":1,"featured_media":119,"parent":0,"menu_order":0,"comment_status":"closed","ping_status":"closed","template":"","meta":{"footnotes":""},"class_list":["post-182","page","type-page","status-publish","has-post-thumbnail","hentry"],"_links":{"self":[{"href":"https:\/\/schrift-talent.de\/index.php?rest_route=\/wp\/v2\/pages\/182","targetHints":{"allow":["GET"]}}],"collection":[{"href":"https:\/\/schrift-talent.de\/index.php?rest_route=\/wp\/v2\/pages"}],"about":[{"href":"https:\/\/schrift-talent.de\/index.php?rest_route=\/wp\/v2\/types\/page"}],"author":[{"embeddable":true,"href":"https:\/\/schrift-talent.de\/index.php?rest_route=\/wp\/v2\/users\/1"}],"replies":[{"embeddable":true,"href":"https:\/\/schrift-talent.de\/index.php?rest_route=%2Fwp%2Fv2%2Fcomments&post=182"}],"version-history":[{"count":23,"href":"https:\/\/schrift-talent.de\/index.php?rest_route=\/wp\/v2\/pages\/182\/revisions"}],"predecessor-version":[{"id":229,"href":"https:\/\/schrift-talent.de\/index.php?rest_route=\/wp\/v2\/pages\/182\/revisions\/229"}],"wp:featuredmedia":[{"embeddable":true,"href":"https:\/\/schrift-talent.de\/index.php?rest_route=\/wp\/v2\/media\/119"}],"wp:attachment":[{"href":"https:\/\/schrift-talent.de\/index.php?rest_route=%2Fwp%2Fv2%2Fmedia&parent=182"}],"curies":[{"name":"wp","href":"https:\/\/api.w.org\/{rel}","templated":true}]}}