{"id":315,"date":"2023-03-08T16:22:53","date_gmt":"2023-03-08T16:22:53","guid":{"rendered":"https:\/\/schrift-talent.de\/?page_id=315"},"modified":"2023-03-08T16:41:43","modified_gmt":"2023-03-08T16:41:43","slug":"willkommen","status":"publish","type":"page","link":"https:\/\/schrift-talent.de\/?page_id=315","title":{"rendered":"Willkommen"},"content":{"rendered":"\n<blockquote class=\"wp-block-quote is-layout-flow wp-block-quote-is-layout-flow\">\n<blockquote class=\"wp-block-quote is-layout-flow wp-block-quote-is-layout-flow\">\n<p id=\"block-8c26a082-6df9-4f87-bff2-2674e735296b\"><em>&#8222;Wenn Du ein Schiff bauen willst, dann trommle nicht M\u00e4nner zusammen, um Holz zu beschaffen, Aufgaben zu vergeben und die Arbeit einzuteilen. Sondern lehre sie die Sehnsucht nach dem weiten, endlosen Meer.&#8220;<\/em><\/p>\n<cite>Antoine de Saint-Exup\u00e9ry<\/cite><\/blockquote>\n<\/blockquote>\n\n\n\n<div style=\"height:52px\" aria-hidden=\"true\" class=\"wp-block-spacer\"><\/div>\n\n\n\n<p>Was w\u00e4re das Leben ohne Sehnsucht? Es ist ein Gef\u00fchl, so stark, dass es eine ganze Literaturepoche pr\u00e4gte. Und sie ist nicht mit dem Untergang der Romantik untergegangen. Sie brennt in unseren W\u00fcnschen und Ideen. <\/p>\n\n\n\n<p>Vielleicht finden Sie in den Bereichen Grafik und Kreativem Schreiben ja etwas, dass sie gebrauchen k\u00f6nnen f\u00fcr Ihre Vision. Ich helfe Ihnen gerne, Ihre Ideen ein St\u00fcck weiter an die Wirklichkeit zubringen. <\/p>\n\n\n\n<p><\/p>\n\n\n\n<hr class=\"wp-block-separator has-alpha-channel-opacity\"\/>\n\n\n\n<div style=\"height:123px\" aria-hidden=\"true\" class=\"wp-block-spacer\"><\/div>\n\n\n\n<h1 class=\"wp-block-heading\">Termine<\/h1>\n\n\n\n\n","protected":false},"excerpt":{"rendered":"<p>Was w\u00e4re das Leben ohne Sehnsucht? Es ist ein Gef\u00fchl, so stark, dass es eine ganze Literaturepoche pr\u00e4gte. Und sie ist nicht mit dem Untergang &hellip;<\/p>\n","protected":false},"author":1,"featured_media":0,"parent":0,"menu_order":0,"comment_status":"closed","ping_status":"closed","template":"","meta":{"footnotes":""},"class_list":["post-315","page","type-page","status-publish","hentry"],"_links":{"self":[{"href":"https:\/\/schrift-talent.de\/index.php?rest_route=\/wp\/v2\/pages\/315","targetHints":{"allow":["GET"]}}],"collection":[{"href":"https:\/\/schrift-talent.de\/index.php?rest_route=\/wp\/v2\/pages"}],"about":[{"href":"https:\/\/schrift-talent.de\/index.php?rest_route=\/wp\/v2\/types\/page"}],"author":[{"embeddable":true,"href":"https:\/\/schrift-talent.de\/index.php?rest_route=\/wp\/v2\/users\/1"}],"replies":[{"embeddable":true,"href":"https:\/\/schrift-talent.de\/index.php?rest_route=%2Fwp%2Fv2%2Fcomments&post=315"}],"version-history":[{"count":8,"href":"https:\/\/schrift-talent.de\/index.php?rest_route=\/wp\/v2\/pages\/315\/revisions"}],"predecessor-version":[{"id":329,"href":"https:\/\/schrift-talent.de\/index.php?rest_route=\/wp\/v2\/pages\/315\/revisions\/329"}],"wp:attachment":[{"href":"https:\/\/schrift-talent.de\/index.php?rest_route=%2Fwp%2Fv2%2Fmedia&parent=315"}],"curies":[{"name":"wp","href":"https:\/\/api.w.org\/{rel}","templated":true}]}}