{"id":469,"date":"2025-09-12T09:35:17","date_gmt":"2025-09-12T09:35:17","guid":{"rendered":"https:\/\/schrift-talent.de\/?page_id=469"},"modified":"2025-09-12T09:35:17","modified_gmt":"2025-09-12T09:35:17","slug":"venues","status":"publish","type":"page","link":"https:\/\/schrift-talent.de\/?page_id=469","title":{"rendered":"Venues"},"content":{"rendered":"<div class=\"emagic\">\r\n<div class=\"ep-event-venues-container ep-mb-5\" id=\"ep-event-venues-container\">\r\n        <form id=\"ep_venue_search_form\" class=\"ep-box-wrap ep-box-search-form ep-box-bottom ep-mb-4\" name=\"ep_venue_search_form\" action=\"\">\r\n        <div class=\"ep-bg-light ep-border ep-rounded ep-px-3\">\r\n            <div class=\"ep-box-row\">\r\n                <div class=\"ep-box-col-8 ep-p-3 ep-position-relative\">\r\n                    <div class=\"ep-input-group\">\r\n                        <span class=\"ep-input-group-text ep-bg-white ep-text-muted\">\r\n                            <span class=\"material-icons-outlined\">search<\/span>\r\n                        <\/span>\r\n                        <input type=\"hidden\" name=\"ep_search\" value=\"1\" \/>\r\n                        <input placeholder=\"Schlagwort\" class=\"ep-form-control ep-form-control-sm ep-border-start-0\" type=\"text\" name=\"keyword\" id=\"ep_keyword\" value=\"\" \/>  \r\n                        <input class=\"ep-btn ep-btn-dark ep-btn-sm\" type=\"submit\" value=\"Suchen\"\/>\r\n                    <\/div>\r\n                <\/div>\r\n                <div class=\"ep-box-col-4 ep-event-filter-block ep-text-item-right ep-d-inline-flex ep-align-items-center\">\r\n                                    <\/div>\r\n            <\/div>\r\n        <\/div>\r\n    <\/form>\r\n    \r\n            <div class=\"em_venues dbfl\">\r\n            <div class=\"ep-box-wrap ep-event-venues-card-container\">\r\n                <div id=\"ep-event-venues-loader-section\" class=\"ep-box-row ep-box-top ep-venue-card-wrap\">\r\n                        <div class=\"ep-box-col-3 ep-col-md-6 ep-mb-3 ep-venue-col-section\">\r\n        <div class=\"ep-box-card-item \">\r\n            <div class=\"ep-box-card-thumb\" >\r\n                <a href=\"https:\/\/schrift-talent.de\/?page_id=469&amp;venue=27\" class=\"ep-img-link\">\r\n                    <img decoding=\"async\" src=\"https:\/\/schrift-talent.de\/wp-content\/uploads\/2025\/09\/1657023180.jpg\" alt=\"Weinkontor Eichelhardt\">\r\n                <\/a>\r\n            <\/div>\r\n            <div class=\"ep-box-card-content ep-p-3 ep-bg-white\">\r\n                <div class=\"ep-box-title ep-box-card-title ep-text-truncate ep-mb-2\">\r\n                    <a href=\"https:\/\/schrift-talent.de\/?page_id=469&#038;venue=27\" class=\"ep-fw-bold ep-fs-6\">\r\n                        Weinkontor Eichelhardt                    <\/a>\r\n                <\/div>\r\n                \r\n                <div class=\"ep-box-card-venue ep-card-venue ep-text-muted ep-text-small ep-text-truncate ep-mb-1\">\r\n                    S\u00fcdstra\u00dfe 70, 58509 L\u00fcdenscheid                <\/div>\r\n                \r\n                <div class=\"ep-venue-seating-capacity ep-event-details ep-text-small ep-d-flex ep-justify-content-between\">\r\n                                            <div class=\"ep-event-attr-name ep-fw-bold\">Typ : Stehend<\/div>\r\n                                        <\/div>\r\n            <\/div>\r\n        <\/div>\r\n    <\/div>    <div class=\"ep-box-col-3 ep-col-md-6 ep-mb-3 ep-venue-col-section\">\r\n        <div class=\"ep-box-card-item \">\r\n            <div class=\"ep-box-card-thumb\" >\r\n                <a href=\"https:\/\/schrift-talent.de\/?page_id=469&amp;venue=24\" class=\"ep-img-link\">\r\n                    <img decoding=\"async\" src=\"https:\/\/schrift-talent.de\/wp-content\/uploads\/2025\/09\/VHS-Luedenschied-1024x682.jpg\" alt=\"VHS L\u00fcdenscheid\">\r\n                <\/a>\r\n            <\/div>\r\n            <div class=\"ep-box-card-content ep-p-3 ep-bg-white\">\r\n                <div class=\"ep-box-title ep-box-card-title ep-text-truncate ep-mb-2\">\r\n                    <a href=\"https:\/\/schrift-talent.de\/?page_id=469&#038;venue=24\" class=\"ep-fw-bold ep-fs-6\">\r\n                        VHS L\u00fcdenscheid                    <\/a>\r\n                <\/div>\r\n                \r\n                <div class=\"ep-box-card-venue ep-card-venue ep-text-muted ep-text-small ep-text-truncate ep-mb-1\">\r\n                    Alte Rathaussstra\u00dfe 1, 58507 L\u00fcdenscheid                <\/div>\r\n                \r\n                <div class=\"ep-venue-seating-capacity ep-event-details ep-text-small ep-d-flex ep-justify-content-between\">\r\n                                            <div class=\"ep-event-attr-name ep-fw-bold\">Typ : Stehend<\/div>\r\n                                        <\/div>\r\n            <\/div>\r\n        <\/div>\r\n    <\/div>                <\/div>\r\n            <\/div>\r\n        <\/div>\r\n    <\/div><\/div>\n","protected":false},"excerpt":{"rendered":"","protected":false},"author":1,"featured_media":0,"parent":0,"menu_order":0,"comment_status":"closed","ping_status":"closed","template":"","meta":{"footnotes":""},"class_list":["post-469","page","type-page","status-publish","hentry"],"_links":{"self":[{"href":"https:\/\/schrift-talent.de\/index.php?rest_route=\/wp\/v2\/pages\/469","targetHints":{"allow":["GET"]}}],"collection":[{"href":"https:\/\/schrift-talent.de\/index.php?rest_route=\/wp\/v2\/pages"}],"about":[{"href":"https:\/\/schrift-talent.de\/index.php?rest_route=\/wp\/v2\/types\/page"}],"author":[{"embeddable":true,"href":"https:\/\/schrift-talent.de\/index.php?rest_route=\/wp\/v2\/users\/1"}],"replies":[{"embeddable":true,"href":"https:\/\/schrift-talent.de\/index.php?rest_route=%2Fwp%2Fv2%2Fcomments&post=469"}],"version-history":[{"count":0,"href":"https:\/\/schrift-talent.de\/index.php?rest_route=\/wp\/v2\/pages\/469\/revisions"}],"wp:attachment":[{"href":"https:\/\/schrift-talent.de\/index.php?rest_route=%2Fwp%2Fv2%2Fmedia&parent=469"}],"curies":[{"name":"wp","href":"https:\/\/api.w.org\/{rel}","templated":true}]}}